{"id":9,"date":"2011-12-26T15:59:05","date_gmt":"2011-12-26T14:59:05","guid":{"rendered":"http:\/\/komarna-croatia.com\/ita\/?page_id=9"},"modified":"2012-04-13T16:30:22","modified_gmt":"2012-04-13T14:30:22","slug":"la-storia-di-komarna","status":"publish","type":"page","link":"http:\/\/komarna-croatia.com\/ita\/la-storia-di-komarna\/","title":{"rendered":"La storia di Komarna"},"content":{"rendered":"<p>Komarna je prije mnogo godina bila dosta malo ribarsko mjesto sa izrazito malim brojem stanovnika. Neki povijesni zapisi govore kako je Komarna od 1857. \u2013 1869. godine imala \u010dak 0 stanovnika. Ta brojka tek je 1880. god. narasla na 16 stanovnika, a tek za 10 godina se brojka ponovno pove\u0107ala, stoga je ovo naselje sve do 1910. imalo samo 30 stanovnika. Prema popisu stanovni\u0161tva, tek 2001. godine, naselje je imalo 126 stanovnika, te 50 obiteljskih ku\u0107anstava.<\/p>\n<p>\u0160to se ti\u010de stanovnika, posjetitelja i ku\u0107anstava u Komarnoj, danas je to ne\u0161to druga\u010dija pri\u010da. Nije poznato koliko to\u010dno stanovnika tamo boravi zimi, ali ljeti je broj dosta pozama\u0161an. Dolaze turisti iz raznih krajeva svijeta, a neki se u Komarnoj zadr\u017eavaju \u010dak i do 3 mjeseca. Broj izgra\u0111enih ku\u0107a je dosta narastao i slobodno se mo\u017ee re\u0107i da se Komarna od 2001. godine naglo po\u010dela razvijati.<\/p>\n","protected":false},"excerpt":{"rendered":"<p>Komarna je prije mnogo godina bila dosta malo ribarsko mjesto sa izrazito malim brojem stanovnika. Neki povijesni zapisi govore kako je Komarna od 1857. \u2013 1869. godine imala \u010dak 0 stanovnika. Ta brojka tek je 1880. god. narasla na 16 stanovnika, a tek za 10 godina se brojka ponovno pove\u0107ala, &hellip; <a href=\"http:\/\/komarna-croatia.com\/ita\/la-storia-di-komarna\/\">Vi\u0161e <span class=\"meta-nav\">&rarr;<\/span><\/a><\/p>\n","protected":false},"author":2,"featured_media":0,"parent":0,"menu_order":0,"comment_status":"closed","ping_status":"closed","template":"","meta":[],"yoast_head":"<!-- This site is optimized with the Yoast SEO plugin v17.8 - https:\/\/yoast.com\/wordpress\/plugins\/seo\/ -->\n<title>La storia di Komarna | Komarna, Croatia<\/title>\n<meta name=\"description\" content=\"Komarna je prije mnogo godina bila dosta malo ribarsko mjesto sa izrazito malim brojem stanovnika. Neki povijesni zapisi govore kako je Komarna od 1857. \u2013\" \/>\n<meta name=\"robots\" content=\"index, follow, max-snippet:-1, max-image-preview:large, max-video-preview:-1\" \/>\n<link rel=\"canonical\" href=\"http:\/\/komarna-croatia.com\/ita\/la-storia-di-komarna\/\" \/>\n<meta name=\"twitter:label1\" content=\"Est. reading time\" \/>\n\t<meta name=\"twitter:data1\" content=\"1 minute\" \/>\n<script type=\"application\/ld+json\" class=\"yoast-schema-graph\">{\"@context\":\"https:\/\/schema.org\",\"@graph\":[{\"@type\":\"WebSite\",\"@id\":\"http:\/\/komarna-croatia.com\/ita\/#website\",\"url\":\"http:\/\/komarna-croatia.com\/ita\/\",\"name\":\"Komarna, Croatia\",\"description\":\"Slu\\u017ebene stranice mjesta Komarna u Hrvatskoj\",\"potentialAction\":[{\"@type\":\"SearchAction\",\"target\":{\"@type\":\"EntryPoint\",\"urlTemplate\":\"http:\/\/komarna-croatia.com\/ita\/?s={search_term_string}\"},\"query-input\":\"required name=search_term_string\"}],\"inLanguage\":\"en-US\"},{\"@type\":\"WebPage\",\"@id\":\"http:\/\/komarna-croatia.com\/ita\/la-storia-di-komarna\/#webpage\",\"url\":\"http:\/\/komarna-croatia.com\/ita\/la-storia-di-komarna\/\",\"name\":\"La storia di Komarna | Komarna, Croatia\",\"isPartOf\":{\"@id\":\"http:\/\/komarna-croatia.com\/ita\/#website\"},\"datePublished\":\"2011-12-26T14:59:05+00:00\",\"dateModified\":\"2012-04-13T14:30:22+00:00\",\"description\":\"Komarna je prije mnogo godina bila dosta malo ribarsko mjesto sa izrazito malim brojem stanovnika. Neki povijesni zapisi govore kako je Komarna od 1857. \\u2013\",\"breadcrumb\":{\"@id\":\"http:\/\/komarna-croatia.com\/ita\/la-storia-di-komarna\/#breadcrumb\"},\"inLanguage\":\"en-US\",\"potentialAction\":[{\"@type\":\"ReadAction\",\"target\":[\"http:\/\/komarna-croatia.com\/ita\/la-storia-di-komarna\/\"]}]},{\"@type\":\"BreadcrumbList\",\"@id\":\"http:\/\/komarna-croatia.com\/ita\/la-storia-di-komarna\/#breadcrumb\",\"itemListElement\":[{\"@type\":\"ListItem\",\"position\":1,\"name\":\"La storia di Komarna\"}]}]}<\/script>\n<!-- \/ Yoast SEO plugin. -->","yoast_head_json":{"title":"La storia di Komarna | Komarna, Croatia","description":"Komarna je prije mnogo godina bila dosta malo ribarsko mjesto sa izrazito malim brojem stanovnika. Neki povijesni zapisi govore kako je Komarna od 1857. \u2013","robots":{"index":"index","follow":"follow","max-snippet":"max-snippet:-1","max-image-preview":"max-image-preview:large","max-video-preview":"max-video-preview:-1"},"canonical":"http:\/\/komarna-croatia.com\/ita\/la-storia-di-komarna\/","twitter_misc":{"Est. reading time":"1 minute"},"schema":{"@context":"https:\/\/schema.org","@graph":[{"@type":"WebSite","@id":"http:\/\/komarna-croatia.com\/ita\/#website","url":"http:\/\/komarna-croatia.com\/ita\/","name":"Komarna, Croatia","description":"Slu\u017ebene stranice mjesta Komarna u Hrvatskoj","potentialAction":[{"@type":"SearchAction","target":{"@type":"EntryPoint","urlTemplate":"http:\/\/komarna-croatia.com\/ita\/?s={search_term_string}"},"query-input":"required name=search_term_string"}],"inLanguage":"en-US"},{"@type":"WebPage","@id":"http:\/\/komarna-croatia.com\/ita\/la-storia-di-komarna\/#webpage","url":"http:\/\/komarna-croatia.com\/ita\/la-storia-di-komarna\/","name":"La storia di Komarna | Komarna, Croatia","isPartOf":{"@id":"http:\/\/komarna-croatia.com\/ita\/#website"},"datePublished":"2011-12-26T14:59:05+00:00","dateModified":"2012-04-13T14:30:22+00:00","description":"Komarna je prije mnogo godina bila dosta malo ribarsko mjesto sa izrazito malim brojem stanovnika. Neki povijesni zapisi govore kako je Komarna od 1857. \u2013","breadcrumb":{"@id":"http:\/\/komarna-croatia.com\/ita\/la-storia-di-komarna\/#breadcrumb"},"inLanguage":"en-US","potentialAction":[{"@type":"ReadAction","target":["http:\/\/komarna-croatia.com\/ita\/la-storia-di-komarna\/"]}]},{"@type":"BreadcrumbList","@id":"http:\/\/komarna-croatia.com\/ita\/la-storia-di-komarna\/#breadcrumb","itemListElement":[{"@type":"ListItem","position":1,"name":"La storia di Komarna"}]}]}},"_links":{"self":[{"href":"http:\/\/komarna-croatia.com\/ita\/wp-json\/wp\/v2\/pages\/9"}],"collection":[{"href":"http:\/\/komarna-croatia.com\/ita\/wp-json\/wp\/v2\/pages"}],"about":[{"href":"http:\/\/komarna-croatia.com\/ita\/wp-json\/wp\/v2\/types\/page"}],"author":[{"embeddable":true,"href":"http:\/\/komarna-croatia.com\/ita\/wp-json\/wp\/v2\/users\/2"}],"replies":[{"embeddable":true,"href":"http:\/\/komarna-croatia.com\/ita\/wp-json\/wp\/v2\/comments?post=9"}],"version-history":[{"count":5,"href":"http:\/\/komarna-croatia.com\/ita\/wp-json\/wp\/v2\/pages\/9\/revisions"}],"predecessor-version":[{"id":781,"href":"http:\/\/komarna-croatia.com\/ita\/wp-json\/wp\/v2\/pages\/9\/revisions\/781"}],"wp:attachment":[{"href":"http:\/\/komarna-croatia.com\/ita\/wp-json\/wp\/v2\/media?parent=9"}],"curies":[{"name":"wp","href":"https:\/\/api.w.org\/{rel}","templated":true}]}}