{"id":62,"date":"2011-12-27T13:15:59","date_gmt":"2011-12-27T12:15:59","guid":{"rendered":"http:\/\/komarna-croatia.com\/ita\/?page_id=62"},"modified":"2012-01-11T01:28:16","modified_gmt":"2012-01-11T00:28:16","slug":"gastronomska-ponuda-komarne","status":"publish","type":"page","link":"http:\/\/komarna-croatia.com\/ita\/gastronomska-ponuda-komarne\/","title":{"rendered":"Gastronomska ponuda Komarne"},"content":{"rendered":"<p>ISPROBAJTE NAJBOLJE RECEPTE NA\u0160IH DOMA\u0106INA<\/p>\n<p>&nbsp;<\/p>\n<p>Ukoliko budete gosti na\u0161ega kraja, ne\u0107ete mo\u0107i odoljeti najboljim doma\u0107im delicijama koje za vas pripremaju na\u0161i iskusni doma\u0107ini. Svaki sastojak ovih ukusnih jela je dar prirode, svje\u017ee povr\u0107e uzgojeno u vrtovima, te doma\u0107e, za\u010dinsko bilje za koje se svakodnevno brinu na\u0161e mame i bake. Glavni sastojci, riba ili pak \u0161koljke, ulovi su na\u0161ih vrijednih ribara, koji svaki dan odlaze u ribolov kako bi vas sve do\u010dekalo svje\u017ee. Na\u0161i gastronomi naglasili su da nijedan ovaj recept nije potpun bez doma\u0107eg vina, koje \u010dini svako ovo jelo jo\u0161 posebnijim. Zbog toga nije ni \u010dudno da su na\u0161i dalmatinski preci \u010desto znali koristiti mudru izreku: <em>Riba tri puta pliva: prvi put u moru, drugi put u\u00a0ulju, a tre\u0107i put u\u00a0vinu.<\/em><\/p>\n<p>Izdvajamo vam na\u0161e najomiljenije recepte, koji su izuzetno poznati u Komarnoj, a svatko tko ku\u0161a barem ne\u0161to od ove doma\u0107e &#8221;spize&#8221;, ku\u0107i se vra\u0107a zadovoljan, pa ne garantiramo da \u0107ete i vi koji nas jo\u0161 niste posjetili mo\u0107i odoljeti.<\/p>\n","protected":false},"excerpt":{"rendered":"<p>ISPROBAJTE NAJBOLJE RECEPTE NA\u0160IH DOMA\u0106INA &nbsp; Ukoliko budete gosti na\u0161ega kraja, ne\u0107ete mo\u0107i odoljeti najboljim doma\u0107im delicijama koje za vas pripremaju na\u0161i iskusni doma\u0107ini. Svaki sastojak ovih ukusnih jela je dar prirode, svje\u017ee povr\u0107e uzgojeno u vrtovima, te doma\u0107e, za\u010dinsko bilje za koje se svakodnevno brinu na\u0161e mame i bake. &hellip; <a href=\"http:\/\/komarna-croatia.com\/ita\/gastronomska-ponuda-komarne\/\">Vi\u0161e <span class=\"meta-nav\">&rarr;<\/span><\/a><\/p>\n","protected":false},"author":2,"featured_media":0,"parent":0,"menu_order":0,"comment_status":"closed","ping_status":"closed","template":"","meta":[],"yoast_head":"<!-- This site is optimized with the Yoast SEO plugin v17.8 - https:\/\/yoast.com\/wordpress\/plugins\/seo\/ -->\n<title>Gastronomska ponuda Komarne | Komarna, Croatia<\/title>\n<meta name=\"description\" content=\"ISPROBAJTE NAJBOLJE RECEPTE NA\u0160IH DOMA\u0106INA &nbsp; Ukoliko budete gosti na\u0161ega kraja, ne\u0107ete mo\u0107i odoljeti najboljim doma\u0107im delicijama koje za vas\" \/>\n<meta name=\"robots\" content=\"index, follow, max-snippet:-1, max-image-preview:large, max-video-preview:-1\" \/>\n<link rel=\"canonical\" href=\"https:\/\/komarna-croatia.com\/ita\/gastronomska-ponuda-komarne\/\" \/>\n<meta name=\"twitter:label1\" content=\"Est. reading time\" \/>\n\t<meta name=\"twitter:data1\" content=\"1 minute\" \/>\n<script type=\"application\/ld+json\" class=\"yoast-schema-graph\">{\"@context\":\"https:\/\/schema.org\",\"@graph\":[{\"@type\":\"WebSite\",\"@id\":\"http:\/\/komarna-croatia.com\/ita\/#website\",\"url\":\"http:\/\/komarna-croatia.com\/ita\/\",\"name\":\"Komarna, Croatia\",\"description\":\"Slu\\u017ebene stranice mjesta Komarna u Hrvatskoj\",\"potentialAction\":[{\"@type\":\"SearchAction\",\"target\":{\"@type\":\"EntryPoint\",\"urlTemplate\":\"http:\/\/komarna-croatia.com\/ita\/?s={search_term_string}\"},\"query-input\":\"required name=search_term_string\"}],\"inLanguage\":\"en-US\"},{\"@type\":\"WebPage\",\"@id\":\"https:\/\/komarna-croatia.com\/ita\/gastronomska-ponuda-komarne\/#webpage\",\"url\":\"https:\/\/komarna-croatia.com\/ita\/gastronomska-ponuda-komarne\/\",\"name\":\"Gastronomska ponuda Komarne | Komarna, Croatia\",\"isPartOf\":{\"@id\":\"http:\/\/komarna-croatia.com\/ita\/#website\"},\"datePublished\":\"2011-12-27T12:15:59+00:00\",\"dateModified\":\"2012-01-11T00:28:16+00:00\",\"description\":\"ISPROBAJTE NAJBOLJE RECEPTE NA\\u0160IH DOMA\\u0106INA &nbsp; Ukoliko budete gosti na\\u0161ega kraja, ne\\u0107ete mo\\u0107i odoljeti najboljim doma\\u0107im delicijama koje za vas\",\"breadcrumb\":{\"@id\":\"https:\/\/komarna-croatia.com\/ita\/gastronomska-ponuda-komarne\/#breadcrumb\"},\"inLanguage\":\"en-US\",\"potentialAction\":[{\"@type\":\"ReadAction\",\"target\":[\"https:\/\/komarna-croatia.com\/ita\/gastronomska-ponuda-komarne\/\"]}]},{\"@type\":\"BreadcrumbList\",\"@id\":\"https:\/\/komarna-croatia.com\/ita\/gastronomska-ponuda-komarne\/#breadcrumb\",\"itemListElement\":[{\"@type\":\"ListItem\",\"position\":1,\"name\":\"Gastronomska ponuda Komarne\"}]}]}<\/script>\n<!-- \/ Yoast SEO plugin. -->","yoast_head_json":{"title":"Gastronomska ponuda Komarne | Komarna, Croatia","description":"ISPROBAJTE NAJBOLJE RECEPTE NA\u0160IH DOMA\u0106INA &nbsp; Ukoliko budete gosti na\u0161ega kraja, ne\u0107ete mo\u0107i odoljeti najboljim doma\u0107im delicijama koje za vas","robots":{"index":"index","follow":"follow","max-snippet":"max-snippet:-1","max-image-preview":"max-image-preview:large","max-video-preview":"max-video-preview:-1"},"canonical":"https:\/\/komarna-croatia.com\/ita\/gastronomska-ponuda-komarne\/","twitter_misc":{"Est. reading time":"1 minute"},"schema":{"@context":"https:\/\/schema.org","@graph":[{"@type":"WebSite","@id":"http:\/\/komarna-croatia.com\/ita\/#website","url":"http:\/\/komarna-croatia.com\/ita\/","name":"Komarna, Croatia","description":"Slu\u017ebene stranice mjesta Komarna u Hrvatskoj","potentialAction":[{"@type":"SearchAction","target":{"@type":"EntryPoint","urlTemplate":"http:\/\/komarna-croatia.com\/ita\/?s={search_term_string}"},"query-input":"required name=search_term_string"}],"inLanguage":"en-US"},{"@type":"WebPage","@id":"https:\/\/komarna-croatia.com\/ita\/gastronomska-ponuda-komarne\/#webpage","url":"https:\/\/komarna-croatia.com\/ita\/gastronomska-ponuda-komarne\/","name":"Gastronomska ponuda Komarne | Komarna, Croatia","isPartOf":{"@id":"http:\/\/komarna-croatia.com\/ita\/#website"},"datePublished":"2011-12-27T12:15:59+00:00","dateModified":"2012-01-11T00:28:16+00:00","description":"ISPROBAJTE NAJBOLJE RECEPTE NA\u0160IH DOMA\u0106INA &nbsp; Ukoliko budete gosti na\u0161ega kraja, ne\u0107ete mo\u0107i odoljeti najboljim doma\u0107im delicijama koje za vas","breadcrumb":{"@id":"https:\/\/komarna-croatia.com\/ita\/gastronomska-ponuda-komarne\/#breadcrumb"},"inLanguage":"en-US","potentialAction":[{"@type":"ReadAction","target":["https:\/\/komarna-croatia.com\/ita\/gastronomska-ponuda-komarne\/"]}]},{"@type":"BreadcrumbList","@id":"https:\/\/komarna-croatia.com\/ita\/gastronomska-ponuda-komarne\/#breadcrumb","itemListElement":[{"@type":"ListItem","position":1,"name":"Gastronomska ponuda Komarne"}]}]}},"_links":{"self":[{"href":"http:\/\/komarna-croatia.com\/ita\/wp-json\/wp\/v2\/pages\/62"}],"collection":[{"href":"http:\/\/komarna-croatia.com\/ita\/wp-json\/wp\/v2\/pages"}],"about":[{"href":"http:\/\/komarna-croatia.com\/ita\/wp-json\/wp\/v2\/types\/page"}],"author":[{"embeddable":true,"href":"http:\/\/komarna-croatia.com\/ita\/wp-json\/wp\/v2\/users\/2"}],"replies":[{"embeddable":true,"href":"http:\/\/komarna-croatia.com\/ita\/wp-json\/wp\/v2\/comments?post=62"}],"version-history":[{"count":5,"href":"http:\/\/komarna-croatia.com\/ita\/wp-json\/wp\/v2\/pages\/62\/revisions"}],"predecessor-version":[{"id":879,"href":"http:\/\/komarna-croatia.com\/ita\/wp-json\/wp\/v2\/pages\/62\/revisions\/879"}],"wp:attachment":[{"href":"http:\/\/komarna-croatia.com\/ita\/wp-json\/wp\/v2\/media?parent=62"}],"curies":[{"name":"wp","href":"https:\/\/api.w.org\/{rel}","templated":true}]}}