{"id":2,"date":"2011-12-24T15:16:37","date_gmt":"2011-12-24T14:16:37","guid":{"rendered":"http:\/\/komarna-croatia.com\/ita\/?page_id=2"},"modified":"2012-04-24T15:06:25","modified_gmt":"2012-04-24T13:06:25","slug":"informazioni","status":"publish","type":"page","link":"http:\/\/komarna-croatia.com\/ita\/informazioni\/","title":{"rendered":"Informazioni"},"content":{"rendered":"<div id=\"attachment_1269\" style=\"width: 278px\" class=\"wp-caption alignleft\"><a href=\"http:\/\/komarna-croatia.com\/ita\/informazioni\/komarna_raj\/\" rel=\"attachment wp-att-1269\"><img aria-describedby=\"caption-attachment-1269\" loading=\"lazy\" class=\"size-full wp-image-1269\" title=\"Komarna_raj\" src=\"http:\/\/komarna-croatia.com\/ita\/wp-content\/uploads\/2011\/12\/Komarna_raj.jpg\" alt=\"Raj\" width=\"268\" height=\"188\" \/><\/a><p id=\"caption-attachment-1269\" class=\"wp-caption-text\">Komarna<\/p><\/div>\n<p>Komarna \u00e8 un vecchio villaggio di pescatori, situato al sud della Croazia. \u00c9 un luogo di splendidi tramonti, brezza leggera, e lunghe passeggiate che pu\u00f2 essere descritto solo con gli epiteti pi\u00f9 belli. Tempo fa\u2019 Komarna era molto trascurata, con poche case e poche persone, ma con il tempo si \u00e8 trasformato in un vero luogo turistico dove ogni estate visita ospiti provenienti da tutto il mondo.<\/p>\n<p>Ci\u00f2 che rende Komarna speciale \u00e8 il mare calmo che ci visita ogni mattina, e torna solo la sera al tramonto, accompagnato da una leggera brezza maestrale.<\/p>\n<p>Chiunque visita questa oasi di pace, di canzoni dalmate e di splendidi scenari naturali, si innamorer\u00e0 dei tramonti, che sono diversi ogni giorno e sempre pi\u00f9 meravigliosi. Ma la sua natura e le sue bellezze non sono l\u2019unica cosa che questo posto vi offre, qui ci sono i suoi abitanti che renderanno il vostro soggiorno estivo pi\u00f9 piacevole. La prima volta che venite a nuotare, sul solito lungomare, probabilmente incontrerete il nostro Ne\u0161o, che vi accoglier\u00e0 con piacere e forse vi racconter un po &#8216;di pesca o un&#8217;esperienza indimenticabile durante le immersioni. Se andate un po &#8216;pi\u00f9 lungo la spiaggia, \u00e8 possibile che ci si imbatte in Jozo, vecchio pescatore. Se si dispone di una barca o di un transporto marino, Jozo vi dar\u00e0 un consiglio su come si potrebbe fare un nodo da marinaio, cosi\u2019 che la vostra barca \u00e8 completamente sicura mentre vi godete la vostra vacanza spensierata. Naturalmente, ci sono ancora un sacco di persone simpatiche che adonano la nostra citt\u00e0, e molti bellissimi appartamenti dove potete trascorrere indimenticabili giorni con la vostra famiglia.<br \/>\nAi bambini in particolare piacer\u00e0 il parco giochi, dove ogni estate si organizza un minitorneo di calcio , che rende la vostra vacanza divertente, con un pizzico di sport. Se pensavate che non avete dove acquistare alimenti che potreste aver dimenticato di portare, vi sbagliate, perch\u00e9 ini Komarna c\u2019\u00e8 un commercio spesso chiamato il &#8220;negozio&#8221;, dove sarete cordialmente benvenuti ogni giorno delle nostre brillanti ragazze &#8211; Kata e Maja.<\/p>\n<p>Posso continuare a scrivere sul nostro posto di cui siamo molto orgogliosi, ma per questo c\u2019\u00e8 il nostro sito web, che vi mostrer\u00e0 il fascino di Komarna e tutto quello che offre, e noi possiamo solo consigliarvi di visitare e accertarsi di persona nelle sue bellezze.<\/p>\n","protected":false},"excerpt":{"rendered":"<p>Komarna \u00e8 un vecchio villaggio di pescatori, situato al sud della Croazia. \u00c9 un luogo di splendidi tramonti, brezza leggera, e lunghe passeggiate che pu\u00f2 essere descritto solo con gli epiteti pi\u00f9 belli. Tempo fa\u2019 Komarna era molto trascurata, con poche case e poche persone, ma con il tempo si &hellip; <a href=\"http:\/\/komarna-croatia.com\/ita\/informazioni\/\">Vi\u0161e <span class=\"meta-nav\">&rarr;<\/span><\/a><\/p>\n","protected":false},"author":2,"featured_media":0,"parent":0,"menu_order":0,"comment_status":"closed","ping_status":"closed","template":"","meta":[],"yoast_head":"<!-- This site is optimized with the Yoast SEO plugin v17.8 - https:\/\/yoast.com\/wordpress\/plugins\/seo\/ -->\n<title>Informazioni | Komarna, Croatia<\/title>\n<meta name=\"description\" content=\"Komarna \u00e8 un vecchio villaggio di pescatori, situato al sud della Croazia. \u00c9 un luogo di splendidi tramonti, brezza leggera, e lunghe passeggiate che pu\u00f2\" \/>\n<meta name=\"robots\" content=\"index, follow, max-snippet:-1, max-image-preview:large, max-video-preview:-1\" \/>\n<link rel=\"canonical\" href=\"http:\/\/komarna-croatia.com\/ita\/informazioni\/\" \/>\n<meta name=\"twitter:label1\" content=\"Est. reading time\" \/>\n\t<meta name=\"twitter:data1\" content=\"2 minutes\" \/>\n<script type=\"application\/ld+json\" class=\"yoast-schema-graph\">{\"@context\":\"https:\/\/schema.org\",\"@graph\":[{\"@type\":\"WebSite\",\"@id\":\"http:\/\/komarna-croatia.com\/ita\/#website\",\"url\":\"http:\/\/komarna-croatia.com\/ita\/\",\"name\":\"Komarna, Croatia\",\"description\":\"Slu\\u017ebene stranice mjesta Komarna u Hrvatskoj\",\"potentialAction\":[{\"@type\":\"SearchAction\",\"target\":{\"@type\":\"EntryPoint\",\"urlTemplate\":\"http:\/\/komarna-croatia.com\/ita\/?s={search_term_string}\"},\"query-input\":\"required name=search_term_string\"}],\"inLanguage\":\"en-US\"},{\"@type\":\"ImageObject\",\"@id\":\"http:\/\/komarna-croatia.com\/ita\/informazioni\/#primaryimage\",\"inLanguage\":\"en-US\",\"url\":\"http:\/\/komarna-croatia.com\/ita\/wp-content\/uploads\/2011\/12\/Komarna_raj.jpg\",\"contentUrl\":\"http:\/\/komarna-croatia.com\/ita\/wp-content\/uploads\/2011\/12\/Komarna_raj.jpg\",\"width\":\"268\",\"height\":\"188\",\"caption\":\"Komarna raj na zemlji\"},{\"@type\":\"WebPage\",\"@id\":\"http:\/\/komarna-croatia.com\/ita\/informazioni\/#webpage\",\"url\":\"http:\/\/komarna-croatia.com\/ita\/informazioni\/\",\"name\":\"Informazioni | Komarna, Croatia\",\"isPartOf\":{\"@id\":\"http:\/\/komarna-croatia.com\/ita\/#website\"},\"primaryImageOfPage\":{\"@id\":\"http:\/\/komarna-croatia.com\/ita\/informazioni\/#primaryimage\"},\"datePublished\":\"2011-12-24T14:16:37+00:00\",\"dateModified\":\"2012-04-24T13:06:25+00:00\",\"description\":\"Komarna \\u00e8 un vecchio villaggio di pescatori, situato al sud della Croazia. \\u00c9 un luogo di splendidi tramonti, brezza leggera, e lunghe passeggiate che pu\\u00f2\",\"breadcrumb\":{\"@id\":\"http:\/\/komarna-croatia.com\/ita\/informazioni\/#breadcrumb\"},\"inLanguage\":\"en-US\",\"potentialAction\":[{\"@type\":\"ReadAction\",\"target\":[\"http:\/\/komarna-croatia.com\/ita\/informazioni\/\"]}]},{\"@type\":\"BreadcrumbList\",\"@id\":\"http:\/\/komarna-croatia.com\/ita\/informazioni\/#breadcrumb\",\"itemListElement\":[{\"@type\":\"ListItem\",\"position\":1,\"name\":\"Informazioni\"}]}]}<\/script>\n<!-- \/ Yoast SEO plugin. -->","yoast_head_json":{"title":"Informazioni | Komarna, Croatia","description":"Komarna \u00e8 un vecchio villaggio di pescatori, situato al sud della Croazia. \u00c9 un luogo di splendidi tramonti, brezza leggera, e lunghe passeggiate che pu\u00f2","robots":{"index":"index","follow":"follow","max-snippet":"max-snippet:-1","max-image-preview":"max-image-preview:large","max-video-preview":"max-video-preview:-1"},"canonical":"http:\/\/komarna-croatia.com\/ita\/informazioni\/","twitter_misc":{"Est. reading time":"2 minutes"},"schema":{"@context":"https:\/\/schema.org","@graph":[{"@type":"WebSite","@id":"http:\/\/komarna-croatia.com\/ita\/#website","url":"http:\/\/komarna-croatia.com\/ita\/","name":"Komarna, Croatia","description":"Slu\u017ebene stranice mjesta Komarna u Hrvatskoj","potentialAction":[{"@type":"SearchAction","target":{"@type":"EntryPoint","urlTemplate":"http:\/\/komarna-croatia.com\/ita\/?s={search_term_string}"},"query-input":"required name=search_term_string"}],"inLanguage":"en-US"},{"@type":"ImageObject","@id":"http:\/\/komarna-croatia.com\/ita\/informazioni\/#primaryimage","inLanguage":"en-US","url":"http:\/\/komarna-croatia.com\/ita\/wp-content\/uploads\/2011\/12\/Komarna_raj.jpg","contentUrl":"http:\/\/komarna-croatia.com\/ita\/wp-content\/uploads\/2011\/12\/Komarna_raj.jpg","width":"268","height":"188","caption":"Komarna raj na zemlji"},{"@type":"WebPage","@id":"http:\/\/komarna-croatia.com\/ita\/informazioni\/#webpage","url":"http:\/\/komarna-croatia.com\/ita\/informazioni\/","name":"Informazioni | Komarna, Croatia","isPartOf":{"@id":"http:\/\/komarna-croatia.com\/ita\/#website"},"primaryImageOfPage":{"@id":"http:\/\/komarna-croatia.com\/ita\/informazioni\/#primaryimage"},"datePublished":"2011-12-24T14:16:37+00:00","dateModified":"2012-04-24T13:06:25+00:00","description":"Komarna \u00e8 un vecchio villaggio di pescatori, situato al sud della Croazia. \u00c9 un luogo di splendidi tramonti, brezza leggera, e lunghe passeggiate che pu\u00f2","breadcrumb":{"@id":"http:\/\/komarna-croatia.com\/ita\/informazioni\/#breadcrumb"},"inLanguage":"en-US","potentialAction":[{"@type":"ReadAction","target":["http:\/\/komarna-croatia.com\/ita\/informazioni\/"]}]},{"@type":"BreadcrumbList","@id":"http:\/\/komarna-croatia.com\/ita\/informazioni\/#breadcrumb","itemListElement":[{"@type":"ListItem","position":1,"name":"Informazioni"}]}]}},"_links":{"self":[{"href":"http:\/\/komarna-croatia.com\/ita\/wp-json\/wp\/v2\/pages\/2"}],"collection":[{"href":"http:\/\/komarna-croatia.com\/ita\/wp-json\/wp\/v2\/pages"}],"about":[{"href":"http:\/\/komarna-croatia.com\/ita\/wp-json\/wp\/v2\/types\/page"}],"author":[{"embeddable":true,"href":"http:\/\/komarna-croatia.com\/ita\/wp-json\/wp\/v2\/users\/2"}],"replies":[{"embeddable":true,"href":"http:\/\/komarna-croatia.com\/ita\/wp-json\/wp\/v2\/comments?post=2"}],"version-history":[{"count":5,"href":"http:\/\/komarna-croatia.com\/ita\/wp-json\/wp\/v2\/pages\/2\/revisions"}],"predecessor-version":[{"id":1092,"href":"http:\/\/komarna-croatia.com\/ita\/wp-json\/wp\/v2\/pages\/2\/revisions\/1092"}],"wp:attachment":[{"href":"http:\/\/komarna-croatia.com\/ita\/wp-json\/wp\/v2\/media?parent=2"}],"curies":[{"name":"wp","href":"https:\/\/api.w.org\/{rel}","templated":true}]}}